{"id":781,"date":"2025-05-15T20:36:31","date_gmt":"2025-05-15T18:36:31","guid":{"rendered":"https:\/\/noelrayo.com\/politica-de-privacidad\/"},"modified":"2025-10-17T00:48:51","modified_gmt":"2025-10-16T22:48:51","slug":"politica-de-privacidad","status":"publish","type":"page","link":"https:\/\/noelrayo.com\/es\/politica-de-privacidad\/","title":{"rendered":"Pol\u00edtica de privacidad"},"content":{"rendered":"\n<p>Este sitio web s\u00f3lo tiene fines informativos y sirve como portafolio de obras. No se recogen datos personales de los usuarios a trav\u00e9s del sitio web, a menos que el usuario decida voluntariamente ponerse en contacto con nosotros a trav\u00e9s de los canales de comunicaci\u00f3n proporcionados (por ejemplo, correo electr\u00f3nico).<\/p>\n\n<p>Si las comunicaciones se reciben por correo electr\u00f3nico, los datos proporcionados se utilizar\u00e1n exclusivamente para responder a la solicitud y no se compartir\u00e1n con terceros.<\/p>\n\n<p>El usuario puede ejercer sus derechos de acceso, rectificaci\u00f3n, supresi\u00f3n y otros derechos reconocidos en la normativa aplicable sobre protecci\u00f3n de datos poni\u00e9ndose en contacto con nosotros en: <a href=\"mailto:noelrayo@gmail.com\"><\/a><a href=\"mailto:noelrayo@gmail.com\">noelrayo@gmail.com.<\/a><\/p>\n","protected":false},"excerpt":{"rendered":"<p>Este sitio web s\u00f3lo tiene fines informativos y sirve como portafolio de obras. No se recogen datos personales de los usuarios a trav\u00e9s del sitio web, a menos que el usuario decida voluntariamente ponerse en contacto con nosotros a trav\u00e9s de los canales de comunicaci\u00f3n proporcionados (por ejemplo, correo electr\u00f3nico). Si las comunicaciones se reciben [&hellip;]<\/p>\n","protected":false},"author":2,"featured_media":0,"parent":0,"menu_order":0,"comment_status":"closed","ping_status":"closed","template":"","meta":{"_acf_changed":false,"footnotes":""},"class_list":["post-781","page","type-page","status-publish","hentry"],"acf":[],"yoast_head":"<!-- This site is optimized with the Yoast SEO plugin v26.1.1 - https:\/\/yoast.com\/wordpress\/plugins\/seo\/ -->\n<title>Pol\u00edtica de privacidad - Noel Rayo Studio<\/title>\n<meta name=\"robots\" content=\"index, follow, max-snippet:-1, max-image-preview:large, max-video-preview:-1\" \/>\n<link rel=\"canonical\" href=\"https:\/\/noelrayo.com\/es\/politica-de-privacidad\/\" \/>\n<meta property=\"og:locale\" content=\"es_ES\" \/>\n<meta property=\"og:type\" content=\"article\" \/>\n<meta property=\"og:title\" content=\"Pol\u00edtica de privacidad - Noel Rayo Studio\" \/>\n<meta property=\"og:description\" content=\"Este sitio web s\u00f3lo tiene fines informativos y sirve como portafolio de obras. No se recogen datos personales de los usuarios a trav\u00e9s del sitio web, a menos que el usuario decida voluntariamente ponerse en contacto con nosotros a trav\u00e9s de los canales de comunicaci\u00f3n proporcionados (por ejemplo, correo electr\u00f3nico). Si las comunicaciones se reciben [&hellip;]\" \/>\n<meta property=\"og:url\" content=\"https:\/\/noelrayo.com\/es\/politica-de-privacidad\/\" \/>\n<meta property=\"og:site_name\" content=\"Noel Rayo Studio\" \/>\n<meta property=\"article:modified_time\" content=\"2025-10-16T22:48:51+00:00\" \/>\n<meta name=\"twitter:card\" content=\"summary_large_image\" \/>\n<meta name=\"twitter:label1\" content=\"Tiempo de lectura\" \/>\n\t<meta name=\"twitter:data1\" content=\"1 minuto\" \/>\n<script type=\"application\/ld+json\" class=\"yoast-schema-graph\">{\"@context\":\"https:\/\/schema.org\",\"@graph\":[{\"@type\":\"WebPage\",\"@id\":\"https:\/\/noelrayo.com\/es\/politica-de-privacidad\/\",\"url\":\"https:\/\/noelrayo.com\/es\/politica-de-privacidad\/\",\"name\":\"Pol\u00edtica de privacidad - Noel Rayo Studio\",\"isPartOf\":{\"@id\":\"https:\/\/noelrayo.com\/es\/#website\"},\"datePublished\":\"2025-05-15T18:36:31+00:00\",\"dateModified\":\"2025-10-16T22:48:51+00:00\",\"breadcrumb\":{\"@id\":\"https:\/\/noelrayo.com\/es\/politica-de-privacidad\/#breadcrumb\"},\"inLanguage\":\"es\",\"potentialAction\":[{\"@type\":\"ReadAction\",\"target\":[\"https:\/\/noelrayo.com\/es\/politica-de-privacidad\/\"]}]},{\"@type\":\"BreadcrumbList\",\"@id\":\"https:\/\/noelrayo.com\/es\/politica-de-privacidad\/#breadcrumb\",\"itemListElement\":[{\"@type\":\"ListItem\",\"position\":1,\"name\":\"Portada\",\"item\":\"https:\/\/noelrayo.com\/es\/\"},{\"@type\":\"ListItem\",\"position\":2,\"name\":\"Pol\u00edtica de privacidad\"}]},{\"@type\":\"WebSite\",\"@id\":\"https:\/\/noelrayo.com\/es\/#website\",\"url\":\"https:\/\/noelrayo.com\/es\/\",\"name\":\"Noel Rayo Studio\",\"description\":\"Outsider studio with a passion for editing, music, and creating bold ideas.\",\"publisher\":{\"@id\":\"https:\/\/noelrayo.com\/es\/#organization\"},\"potentialAction\":[{\"@type\":\"SearchAction\",\"target\":{\"@type\":\"EntryPoint\",\"urlTemplate\":\"https:\/\/noelrayo.com\/es\/?s={search_term_string}\"},\"query-input\":{\"@type\":\"PropertyValueSpecification\",\"valueRequired\":true,\"valueName\":\"search_term_string\"}}],\"inLanguage\":\"es\"},{\"@type\":\"Organization\",\"@id\":\"https:\/\/noelrayo.com\/es\/#organization\",\"name\":\"Noel Rayo Studio\",\"url\":\"https:\/\/noelrayo.com\/es\/\",\"logo\":{\"@type\":\"ImageObject\",\"inLanguage\":\"es\",\"@id\":\"https:\/\/noelrayo.com\/es\/#\/schema\/logo\/image\/\",\"url\":\"https:\/\/noelrayo.com\/wp-content\/uploads\/2025\/05\/site-logo.svg\",\"contentUrl\":\"https:\/\/noelrayo.com\/wp-content\/uploads\/2025\/05\/site-logo.svg\",\"caption\":\"Noel Rayo Studio\"},\"image\":{\"@id\":\"https:\/\/noelrayo.com\/es\/#\/schema\/logo\/image\/\"},\"sameAs\":[\"https:\/\/www.instagram.com\/noelrayo\/\",\"https:\/\/vimeo.com\/noelrayo\"]}]}<\/script>\n<!-- \/ Yoast SEO plugin. -->","yoast_head_json":{"title":"Pol\u00edtica de privacidad - Noel Rayo Studio","robots":{"index":"index","follow":"follow","max-snippet":"max-snippet:-1","max-image-preview":"max-image-preview:large","max-video-preview":"max-video-preview:-1"},"canonical":"https:\/\/noelrayo.com\/es\/politica-de-privacidad\/","og_locale":"es_ES","og_type":"article","og_title":"Pol\u00edtica de privacidad - Noel Rayo Studio","og_description":"Este sitio web s\u00f3lo tiene fines informativos y sirve como portafolio de obras. No se recogen datos personales de los usuarios a trav\u00e9s del sitio web, a menos que el usuario decida voluntariamente ponerse en contacto con nosotros a trav\u00e9s de los canales de comunicaci\u00f3n proporcionados (por ejemplo, correo electr\u00f3nico). Si las comunicaciones se reciben [&hellip;]","og_url":"https:\/\/noelrayo.com\/es\/politica-de-privacidad\/","og_site_name":"Noel Rayo Studio","article_modified_time":"2025-10-16T22:48:51+00:00","twitter_card":"summary_large_image","twitter_misc":{"Tiempo de lectura":"1 minuto"},"schema":{"@context":"https:\/\/schema.org","@graph":[{"@type":"WebPage","@id":"https:\/\/noelrayo.com\/es\/politica-de-privacidad\/","url":"https:\/\/noelrayo.com\/es\/politica-de-privacidad\/","name":"Pol\u00edtica de privacidad - Noel Rayo Studio","isPartOf":{"@id":"https:\/\/noelrayo.com\/es\/#website"},"datePublished":"2025-05-15T18:36:31+00:00","dateModified":"2025-10-16T22:48:51+00:00","breadcrumb":{"@id":"https:\/\/noelrayo.com\/es\/politica-de-privacidad\/#breadcrumb"},"inLanguage":"es","potentialAction":[{"@type":"ReadAction","target":["https:\/\/noelrayo.com\/es\/politica-de-privacidad\/"]}]},{"@type":"BreadcrumbList","@id":"https:\/\/noelrayo.com\/es\/politica-de-privacidad\/#breadcrumb","itemListElement":[{"@type":"ListItem","position":1,"name":"Portada","item":"https:\/\/noelrayo.com\/es\/"},{"@type":"ListItem","position":2,"name":"Pol\u00edtica de privacidad"}]},{"@type":"WebSite","@id":"https:\/\/noelrayo.com\/es\/#website","url":"https:\/\/noelrayo.com\/es\/","name":"Noel Rayo Studio","description":"Outsider studio with a passion for editing, music, and creating bold ideas.","publisher":{"@id":"https:\/\/noelrayo.com\/es\/#organization"},"potentialAction":[{"@type":"SearchAction","target":{"@type":"EntryPoint","urlTemplate":"https:\/\/noelrayo.com\/es\/?s={search_term_string}"},"query-input":{"@type":"PropertyValueSpecification","valueRequired":true,"valueName":"search_term_string"}}],"inLanguage":"es"},{"@type":"Organization","@id":"https:\/\/noelrayo.com\/es\/#organization","name":"Noel Rayo Studio","url":"https:\/\/noelrayo.com\/es\/","logo":{"@type":"ImageObject","inLanguage":"es","@id":"https:\/\/noelrayo.com\/es\/#\/schema\/logo\/image\/","url":"https:\/\/noelrayo.com\/wp-content\/uploads\/2025\/05\/site-logo.svg","contentUrl":"https:\/\/noelrayo.com\/wp-content\/uploads\/2025\/05\/site-logo.svg","caption":"Noel Rayo Studio"},"image":{"@id":"https:\/\/noelrayo.com\/es\/#\/schema\/logo\/image\/"},"sameAs":["https:\/\/www.instagram.com\/noelrayo\/","https:\/\/vimeo.com\/noelrayo"]}]}},"_links":{"self":[{"href":"https:\/\/noelrayo.com\/es\/wp-json\/wp\/v2\/pages\/781","targetHints":{"allow":["GET"]}}],"collection":[{"href":"https:\/\/noelrayo.com\/es\/wp-json\/wp\/v2\/pages"}],"about":[{"href":"https:\/\/noelrayo.com\/es\/wp-json\/wp\/v2\/types\/page"}],"author":[{"embeddable":true,"href":"https:\/\/noelrayo.com\/es\/wp-json\/wp\/v2\/users\/2"}],"replies":[{"embeddable":true,"href":"https:\/\/noelrayo.com\/es\/wp-json\/wp\/v2\/comments?post=781"}],"version-history":[{"count":1,"href":"https:\/\/noelrayo.com\/es\/wp-json\/wp\/v2\/pages\/781\/revisions"}],"predecessor-version":[{"id":782,"href":"https:\/\/noelrayo.com\/es\/wp-json\/wp\/v2\/pages\/781\/revisions\/782"}],"wp:attachment":[{"href":"https:\/\/noelrayo.com\/es\/wp-json\/wp\/v2\/media?parent=781"}],"curies":[{"name":"wp","href":"https:\/\/api.w.org\/{rel}","templated":true}]}}