{"id":773,"date":"2025-05-15T20:36:44","date_gmt":"2025-05-15T18:36:44","guid":{"rendered":"https:\/\/noelrayo.com\/politica-de-cookies\/"},"modified":"2025-10-17T00:48:49","modified_gmt":"2025-10-16T22:48:49","slug":"politica-de-cookies","status":"publish","type":"page","link":"https:\/\/noelrayo.com\/es\/politica-de-cookies\/","title":{"rendered":"Pol\u00edtica de cookies"},"content":{"rendered":"\n<h2 class=\"wp-block-heading\">\u00bfQu\u00e9 son las cookies?<\/h2>\n\n<p>Esta Pol\u00edtica de Cookies explica qu\u00e9 son las cookies, c\u00f3mo las utilizamos, los tipos de cookies que utilizamos (es decir, la informaci\u00f3n que recopilamos utilizando cookies y c\u00f3mo se utiliza esa informaci\u00f3n) y c\u00f3mo gestionar tu configuraci\u00f3n de cookies.<\/p>\n\n<p>Las cookies son peque\u00f1os archivos de texto que se utilizan para almacenar peque\u00f1as piezas de informaci\u00f3n. Se almacenan en tu dispositivo cuando se carga un sitio web en tu navegador. Estas cookies ayudan a garantizar que el sitio web funcione correctamente, mejorar la seguridad, proporcionar una mejor experiencia al usuario y analizar el rendimiento para identificar lo que funciona y d\u00f3nde se necesitan mejoras.<\/p>\n\n<h2 class=\"wp-block-heading\">\u00bfC\u00f3mo utilizamos las cookies?<\/h2>\n\n<p>Como la mayor\u00eda de los servicios en l\u00ednea, nuestro sitio web utiliza cookies propias y de terceros para diversos fines. Las cookies de origen son principalmente necesarias para que el sitio web funcione correctamente y no recogen ning\u00fan dato personal identificable.<\/p>\n\n<p>Las cookies de terceros utilizadas en nuestro sitio web nos ayudan principalmente a comprender c\u00f3mo funciona el sitio web, hacer un seguimiento de c\u00f3mo interact\u00faas con \u00e9l, mantener nuestros servicios seguros, ofrecer anuncios relevantes y mejorar tu experiencia de usuario en general, al tiempo que mejoran la velocidad de tus futuras interacciones con nuestro sitio web.<\/p>\n\n<h2 class=\"wp-block-heading\">Tipos de cookies que utilizamos<\/h2>\n\n<div class=\"cky-audit-table-element\"> <\/div>\n\n<div style=\"height:40px\" aria-hidden=\"true\" class=\"wp-block-spacer\"><\/div>\n\n<h2 class=\"wp-block-heading\">Gestionar preferencias de cookies<\/h2>\n\n<div class=\"wp-block-buttons is-layout-flex wp-block-buttons-is-layout-flex\">\n<div class=\"buttons-block d-flex justify-center gap-10 d-gap-40 pt-30\">\n\t<a class=\"button button-secondary cky-banner-element\">Preferencias de consentimiento<\/a>\n<\/div>\n<\/div>\n\n<div style=\"height:40px\" aria-hidden=\"true\" class=\"wp-block-spacer\"><\/div>\n\n<p>Puedes modificar tu configuraci\u00f3n de cookies en cualquier momento haciendo clic en el bot\u00f3n \u00abPreferencias de consentimiento\u00bb de arriba. Esto te permitir\u00e1 volver a visitar el banner de consentimiento de cookies y actualizar tus preferencias o retirar tu consentimiento inmediatamente.<\/p>\n\n<p>Adem\u00e1s, los distintos navegadores ofrecen varios m\u00e9todos para bloquear y eliminar las cookies utilizadas por los sitios web. Puedes ajustar la configuraci\u00f3n de tu navegador para bloquear o eliminar las cookies. A continuaci\u00f3n encontrar\u00e1s enlaces a documentos de ayuda sobre c\u00f3mo gestionar y eliminar cookies en los principales navegadores web.<\/p>\n\n<p>Cromo: <a target=\"_blank\" rel=\"noreferrer noopener\" href=\"https:\/\/support.google.com\/accounts\/answer\/32050\">https:\/\/support.google.com\/accounts\/answer\/32050<\/a><\/p>\n\n<p>Safari: <a target=\"_blank\" rel=\"noreferrer noopener\" href=\"https:\/\/support.apple.com\/en-in\/guide\/safari\/sfri11471\/mac\">https:\/\/support.apple.com\/en-in\/guide\/safari\/sfri11471\/mac<\/a><\/p>\n\n<p>Firefox: <a target=\"_blank\" rel=\"noreferrer noopener\" href=\"https:\/\/support.mozilla.org\/en-US\/kb\/clear-cookies-and-site-data-firefox?redirectslug=delete-cookies-remove-info-websites-stored&amp;redirectlocale=en-US\">https:\/\/support.mozilla.org\/en-US\/kb\/clear-cookies-and-site-data-firefox?redirectslug=delete-cookies-remove-info-websites-stored&amp;redirectlocale=en-US<\/a><\/p>\n\n<p>Internet Explorer: <a target=\"_blank\" rel=\"noreferrer noopener\" href=\"https:\/\/support.microsoft.com\/en-us\/topic\/how-to-delete-cookie-files-in-internet-explorer-bca9446f-d873-78de-77ba-d42645fa52fc\">https:\/\/support.microsoft.com\/en-us\/topic\/how-to-delete-cookie-files-in-internet-explorer-bca9446f-d873-78de-77ba-d42645fa52fc<\/a><\/p>\n\n<p>Si utilizas un navegador diferente, consulta su documentaci\u00f3n de soporte oficial.<\/p>\n","protected":false},"excerpt":{"rendered":"<p>\u00bfQu\u00e9 son las cookies? Esta Pol\u00edtica de Cookies explica qu\u00e9 son las cookies, c\u00f3mo las utilizamos, los tipos de cookies que utilizamos (es decir, la informaci\u00f3n que recopilamos utilizando cookies y c\u00f3mo se utiliza esa informaci\u00f3n) y c\u00f3mo gestionar tu configuraci\u00f3n de cookies. Las cookies son peque\u00f1os archivos de texto que se utilizan para almacenar [&hellip;]<\/p>\n","protected":false},"author":2,"featured_media":0,"parent":0,"menu_order":0,"comment_status":"closed","ping_status":"closed","template":"","meta":{"_acf_changed":false,"footnotes":""},"class_list":["post-773","page","type-page","status-publish","hentry"],"acf":[],"yoast_head":"<!-- This site is optimized with the Yoast SEO plugin v26.1.1 - https:\/\/yoast.com\/wordpress\/plugins\/seo\/ -->\n<title>Pol\u00edtica de cookies - Noel Rayo Studio<\/title>\n<meta name=\"robots\" content=\"index, follow, max-snippet:-1, max-image-preview:large, max-video-preview:-1\" \/>\n<link rel=\"canonical\" href=\"https:\/\/noelrayo.com\/es\/politica-de-cookies\/\" \/>\n<meta property=\"og:locale\" content=\"es_ES\" \/>\n<meta property=\"og:type\" content=\"article\" \/>\n<meta property=\"og:title\" content=\"Pol\u00edtica de cookies - Noel Rayo Studio\" \/>\n<meta property=\"og:description\" content=\"\u00bfQu\u00e9 son las cookies? Esta Pol\u00edtica de Cookies explica qu\u00e9 son las cookies, c\u00f3mo las utilizamos, los tipos de cookies que utilizamos (es decir, la informaci\u00f3n que recopilamos utilizando cookies y c\u00f3mo se utiliza esa informaci\u00f3n) y c\u00f3mo gestionar tu configuraci\u00f3n de cookies. Las cookies son peque\u00f1os archivos de texto que se utilizan para almacenar [&hellip;]\" \/>\n<meta property=\"og:url\" content=\"https:\/\/noelrayo.com\/es\/politica-de-cookies\/\" \/>\n<meta property=\"og:site_name\" content=\"Noel Rayo Studio\" \/>\n<meta property=\"article:modified_time\" content=\"2025-10-16T22:48:49+00:00\" \/>\n<meta name=\"twitter:card\" content=\"summary_large_image\" \/>\n<meta name=\"twitter:label1\" content=\"Tiempo de lectura\" \/>\n\t<meta name=\"twitter:data1\" content=\"2 minutos\" \/>\n<script type=\"application\/ld+json\" class=\"yoast-schema-graph\">{\"@context\":\"https:\/\/schema.org\",\"@graph\":[{\"@type\":\"WebPage\",\"@id\":\"https:\/\/noelrayo.com\/es\/politica-de-cookies\/\",\"url\":\"https:\/\/noelrayo.com\/es\/politica-de-cookies\/\",\"name\":\"Pol\u00edtica de cookies - Noel Rayo Studio\",\"isPartOf\":{\"@id\":\"https:\/\/noelrayo.com\/es\/#website\"},\"datePublished\":\"2025-05-15T18:36:44+00:00\",\"dateModified\":\"2025-10-16T22:48:49+00:00\",\"breadcrumb\":{\"@id\":\"https:\/\/noelrayo.com\/es\/politica-de-cookies\/#breadcrumb\"},\"inLanguage\":\"es\",\"potentialAction\":[{\"@type\":\"ReadAction\",\"target\":[\"https:\/\/noelrayo.com\/es\/politica-de-cookies\/\"]}]},{\"@type\":\"BreadcrumbList\",\"@id\":\"https:\/\/noelrayo.com\/es\/politica-de-cookies\/#breadcrumb\",\"itemListElement\":[{\"@type\":\"ListItem\",\"position\":1,\"name\":\"Portada\",\"item\":\"https:\/\/noelrayo.com\/es\/\"},{\"@type\":\"ListItem\",\"position\":2,\"name\":\"Pol\u00edtica de cookies\"}]},{\"@type\":\"WebSite\",\"@id\":\"https:\/\/noelrayo.com\/es\/#website\",\"url\":\"https:\/\/noelrayo.com\/es\/\",\"name\":\"Noel Rayo Studio\",\"description\":\"Outsider studio with a passion for editing, music, and creating bold ideas.\",\"publisher\":{\"@id\":\"https:\/\/noelrayo.com\/es\/#organization\"},\"potentialAction\":[{\"@type\":\"SearchAction\",\"target\":{\"@type\":\"EntryPoint\",\"urlTemplate\":\"https:\/\/noelrayo.com\/es\/?s={search_term_string}\"},\"query-input\":{\"@type\":\"PropertyValueSpecification\",\"valueRequired\":true,\"valueName\":\"search_term_string\"}}],\"inLanguage\":\"es\"},{\"@type\":\"Organization\",\"@id\":\"https:\/\/noelrayo.com\/es\/#organization\",\"name\":\"Noel Rayo Studio\",\"url\":\"https:\/\/noelrayo.com\/es\/\",\"logo\":{\"@type\":\"ImageObject\",\"inLanguage\":\"es\",\"@id\":\"https:\/\/noelrayo.com\/es\/#\/schema\/logo\/image\/\",\"url\":\"https:\/\/noelrayo.com\/wp-content\/uploads\/2025\/05\/site-logo.svg\",\"contentUrl\":\"https:\/\/noelrayo.com\/wp-content\/uploads\/2025\/05\/site-logo.svg\",\"caption\":\"Noel Rayo Studio\"},\"image\":{\"@id\":\"https:\/\/noelrayo.com\/es\/#\/schema\/logo\/image\/\"},\"sameAs\":[\"https:\/\/www.instagram.com\/noelrayo\/\",\"https:\/\/vimeo.com\/noelrayo\"]}]}<\/script>\n<!-- \/ Yoast SEO plugin. -->","yoast_head_json":{"title":"Pol\u00edtica de cookies - Noel Rayo Studio","robots":{"index":"index","follow":"follow","max-snippet":"max-snippet:-1","max-image-preview":"max-image-preview:large","max-video-preview":"max-video-preview:-1"},"canonical":"https:\/\/noelrayo.com\/es\/politica-de-cookies\/","og_locale":"es_ES","og_type":"article","og_title":"Pol\u00edtica de cookies - Noel Rayo Studio","og_description":"\u00bfQu\u00e9 son las cookies? Esta Pol\u00edtica de Cookies explica qu\u00e9 son las cookies, c\u00f3mo las utilizamos, los tipos de cookies que utilizamos (es decir, la informaci\u00f3n que recopilamos utilizando cookies y c\u00f3mo se utiliza esa informaci\u00f3n) y c\u00f3mo gestionar tu configuraci\u00f3n de cookies. Las cookies son peque\u00f1os archivos de texto que se utilizan para almacenar [&hellip;]","og_url":"https:\/\/noelrayo.com\/es\/politica-de-cookies\/","og_site_name":"Noel Rayo Studio","article_modified_time":"2025-10-16T22:48:49+00:00","twitter_card":"summary_large_image","twitter_misc":{"Tiempo de lectura":"2 minutos"},"schema":{"@context":"https:\/\/schema.org","@graph":[{"@type":"WebPage","@id":"https:\/\/noelrayo.com\/es\/politica-de-cookies\/","url":"https:\/\/noelrayo.com\/es\/politica-de-cookies\/","name":"Pol\u00edtica de cookies - Noel Rayo Studio","isPartOf":{"@id":"https:\/\/noelrayo.com\/es\/#website"},"datePublished":"2025-05-15T18:36:44+00:00","dateModified":"2025-10-16T22:48:49+00:00","breadcrumb":{"@id":"https:\/\/noelrayo.com\/es\/politica-de-cookies\/#breadcrumb"},"inLanguage":"es","potentialAction":[{"@type":"ReadAction","target":["https:\/\/noelrayo.com\/es\/politica-de-cookies\/"]}]},{"@type":"BreadcrumbList","@id":"https:\/\/noelrayo.com\/es\/politica-de-cookies\/#breadcrumb","itemListElement":[{"@type":"ListItem","position":1,"name":"Portada","item":"https:\/\/noelrayo.com\/es\/"},{"@type":"ListItem","position":2,"name":"Pol\u00edtica de cookies"}]},{"@type":"WebSite","@id":"https:\/\/noelrayo.com\/es\/#website","url":"https:\/\/noelrayo.com\/es\/","name":"Noel Rayo Studio","description":"Outsider studio with a passion for editing, music, and creating bold ideas.","publisher":{"@id":"https:\/\/noelrayo.com\/es\/#organization"},"potentialAction":[{"@type":"SearchAction","target":{"@type":"EntryPoint","urlTemplate":"https:\/\/noelrayo.com\/es\/?s={search_term_string}"},"query-input":{"@type":"PropertyValueSpecification","valueRequired":true,"valueName":"search_term_string"}}],"inLanguage":"es"},{"@type":"Organization","@id":"https:\/\/noelrayo.com\/es\/#organization","name":"Noel Rayo Studio","url":"https:\/\/noelrayo.com\/es\/","logo":{"@type":"ImageObject","inLanguage":"es","@id":"https:\/\/noelrayo.com\/es\/#\/schema\/logo\/image\/","url":"https:\/\/noelrayo.com\/wp-content\/uploads\/2025\/05\/site-logo.svg","contentUrl":"https:\/\/noelrayo.com\/wp-content\/uploads\/2025\/05\/site-logo.svg","caption":"Noel Rayo Studio"},"image":{"@id":"https:\/\/noelrayo.com\/es\/#\/schema\/logo\/image\/"},"sameAs":["https:\/\/www.instagram.com\/noelrayo\/","https:\/\/vimeo.com\/noelrayo"]}]}},"_links":{"self":[{"href":"https:\/\/noelrayo.com\/es\/wp-json\/wp\/v2\/pages\/773","targetHints":{"allow":["GET"]}}],"collection":[{"href":"https:\/\/noelrayo.com\/es\/wp-json\/wp\/v2\/pages"}],"about":[{"href":"https:\/\/noelrayo.com\/es\/wp-json\/wp\/v2\/types\/page"}],"author":[{"embeddable":true,"href":"https:\/\/noelrayo.com\/es\/wp-json\/wp\/v2\/users\/2"}],"replies":[{"embeddable":true,"href":"https:\/\/noelrayo.com\/es\/wp-json\/wp\/v2\/comments?post=773"}],"version-history":[{"count":1,"href":"https:\/\/noelrayo.com\/es\/wp-json\/wp\/v2\/pages\/773\/revisions"}],"predecessor-version":[{"id":776,"href":"https:\/\/noelrayo.com\/es\/wp-json\/wp\/v2\/pages\/773\/revisions\/776"}],"wp:attachment":[{"href":"https:\/\/noelrayo.com\/es\/wp-json\/wp\/v2\/media?parent=773"}],"curies":[{"name":"wp","href":"https:\/\/api.w.org\/{rel}","templated":true}]}}